{"id":74,"date":"2021-04-30T12:42:32","date_gmt":"2021-04-30T10:42:32","guid":{"rendered":"https:\/\/rima.tn\/?page_id=74"},"modified":"2021-04-30T12:44:41","modified_gmt":"2021-04-30T10:44:41","slug":"controle-qualite","status":"publish","type":"page","link":"https:\/\/rima.tn\/ar\/qualite\/controle-qualite\/","title":{"rendered":"(Fran\u00e7ais) Contr\u00f4le qualit\u00e9"},"content":{"rendered":"<p class=\"qtranxs-available-languages-message qtranxs-available-languages-message-ar\">\u0639\u0641\u0648\u0627\u060c \u0647\u0630\u0647 \u0627\u0644\u0645\u062f\u062e\u0644\u0629 \u0645\u0648\u062c\u0648\u062f\u0629 \u0641\u0642\u0637 \u0641\u064a <a href=\"https:\/\/rima.tn\/fr\/wp-json\/wp\/v2\/pages\/74\" class=\"qtranxs-available-language-link qtranxs-available-language-link-fr\" title=\"Fran\u00e7ais\">\u0627\u0644\u0641\u0631\u0646\u0633\u064a\u0629<\/a>.<\/p>","protected":false},"excerpt":{"rendered":"<p>\u0639\u0641\u0648\u0627\u060c \u0647\u0630\u0647 \u0627\u0644\u0645\u062f\u062e\u0644\u0629 \u0645\u0648\u062c\u0648\u062f\u0629 \u0641\u0642\u0637 \u0641\u064a \u0627\u0644\u0641\u0631\u0646\u0633\u064a\u0629.<\/p>\n","protected":false},"author":1,"featured_media":44,"parent":21,"menu_order":0,"comment_status":"closed","ping_status":"closed","template":"","meta":{"ngg_post_thumbnail":0},"_links":{"self":[{"href":"https:\/\/rima.tn\/ar\/wp-json\/wp\/v2\/pages\/74"}],"collection":[{"href":"https:\/\/rima.tn\/ar\/wp-json\/wp\/v2\/pages"}],"about":[{"href":"https:\/\/rima.tn\/ar\/wp-json\/wp\/v2\/types\/page"}],"author":[{"embeddable":true,"href":"https:\/\/rima.tn\/ar\/wp-json\/wp\/v2\/users\/1"}],"replies":[{"embeddable":true,"href":"https:\/\/rima.tn\/ar\/wp-json\/wp\/v2\/comments?post=74"}],"version-history":[{"count":2,"href":"https:\/\/rima.tn\/ar\/wp-json\/wp\/v2\/pages\/74\/revisions"}],"predecessor-version":[{"id":76,"href":"https:\/\/rima.tn\/ar\/wp-json\/wp\/v2\/pages\/74\/revisions\/76"}],"up":[{"embeddable":true,"href":"https:\/\/rima.tn\/ar\/wp-json\/wp\/v2\/pages\/21"}],"wp:featuredmedia":[{"embeddable":true,"href":"https:\/\/rima.tn\/ar\/wp-json\/wp\/v2\/media\/44"}],"wp:attachment":[{"href":"https:\/\/rima.tn\/ar\/wp-json\/wp\/v2\/media?parent=74"}],"curies":[{"name":"wp","href":"https:\/\/api.w.org\/{rel}","templated":true}]}}