{"id":72,"date":"2021-04-30T12:42:03","date_gmt":"2021-04-30T10:42:03","guid":{"rendered":"https:\/\/rima.tn\/?page_id=72"},"modified":"2021-04-30T12:47:29","modified_gmt":"2021-04-30T10:47:29","slug":"gestion-des-matieres-premieres-et-gestion-des-fournisseurs","status":"publish","type":"page","link":"https:\/\/rima.tn\/en\/qualite\/gestion-des-matieres-premieres-et-gestion-des-fournisseurs\/","title":{"rendered":"(Fran\u00e7ais) Gestion des mati\u00e8res premi\u00e8res et gestion des fournisseurs"},"content":{"rendered":"<p class=\"qtranxs-available-languages-message qtranxs-available-languages-message-en\">Sorry, this entry is only available in <a href=\"https:\/\/rima.tn\/fr\/wp-json\/wp\/v2\/pages\/72\" class=\"qtranxs-available-language-link qtranxs-available-language-link-fr\" title=\"Fran\u00e7ais\">French<\/a>.<\/p>","protected":false},"excerpt":{"rendered":"<p>Sorry, this entry is only available in French.<\/p>\n","protected":false},"author":1,"featured_media":44,"parent":21,"menu_order":0,"comment_status":"closed","ping_status":"closed","template":"","meta":{"ngg_post_thumbnail":0},"_links":{"self":[{"href":"https:\/\/rima.tn\/en\/wp-json\/wp\/v2\/pages\/72"}],"collection":[{"href":"https:\/\/rima.tn\/en\/wp-json\/wp\/v2\/pages"}],"about":[{"href":"https:\/\/rima.tn\/en\/wp-json\/wp\/v2\/types\/page"}],"author":[{"embeddable":true,"href":"https:\/\/rima.tn\/en\/wp-json\/wp\/v2\/users\/1"}],"replies":[{"embeddable":true,"href":"https:\/\/rima.tn\/en\/wp-json\/wp\/v2\/comments?post=72"}],"version-history":[{"count":1,"href":"https:\/\/rima.tn\/en\/wp-json\/wp\/v2\/pages\/72\/revisions"}],"predecessor-version":[{"id":73,"href":"https:\/\/rima.tn\/en\/wp-json\/wp\/v2\/pages\/72\/revisions\/73"}],"up":[{"embeddable":true,"href":"https:\/\/rima.tn\/en\/wp-json\/wp\/v2\/pages\/21"}],"wp:featuredmedia":[{"embeddable":true,"href":"https:\/\/rima.tn\/en\/wp-json\/wp\/v2\/media\/44"}],"wp:attachment":[{"href":"https:\/\/rima.tn\/en\/wp-json\/wp\/v2\/media?parent=72"}],"curies":[{"name":"wp","href":"https:\/\/api.w.org\/{rel}","templated":true}]}}